{"id":14,"date":"2025-10-15T19:43:56","date_gmt":"2025-10-15T19:43:56","guid":{"rendered":"https:\/\/sportpark-ehrenkirchen.de\/?page_id=14"},"modified":"2026-01-14T21:33:35","modified_gmt":"2026-01-14T21:33:35","slug":"sponsoring-unterstuetze-den-mehrgenerationensportpark-ehrenkirchen","status":"publish","type":"page","link":"https:\/\/sportpark-ehrenkirchen.de\/?page_id=14","title":{"rendered":"Sponsoring"},"content":{"rendered":"\n<div class=\"wp-block-group alignfull is-layout-flow wp-container-core-group-is-layout-f9cb6abc wp-block-group-is-layout-flow\" style=\"margin-top:0;margin-bottom:0\">\n<div class=\"wp-block-columns alignfull is-style-section-2 is-layout-flex wp-container-core-columns-is-layout-d9884270 wp-block-columns-is-layout-flex is-style-section-2--1\" style=\"padding-top:0;padding-bottom:0\">\n<div class=\"wp-block-column is-layout-flow wp-block-column-is-layout-flow\" style=\"flex-basis:50%\">\n<div class=\"wp-block-group is-style-section-1 is-vertical is-content-justification-stretch is-layout-flex wp-container-core-group-is-layout-098fff0a wp-block-group-is-layout-flex is-style-section-1--2\" style=\"min-height:33vh;padding-top:var(--wp--preset--spacing--50);padding-right:var(--wp--preset--spacing--50);padding-bottom:var(--wp--preset--spacing--50);padding-left:var(--wp--preset--spacing--50)\">\n<div class=\"wp-block-cover is-light\"><img loading=\"lazy\" decoding=\"async\" width=\"480\" height=\"640\" class=\"wp-block-cover__image-background wp-image-46 size-full\" alt=\"\" src=\"https:\/\/sportpark-ehrenkirchen.de\/wp-content\/uploads\/2025\/10\/IMG_9699-rotated.jpeg\" data-object-fit=\"cover\" srcset=\"https:\/\/sportpark-ehrenkirchen.de\/wp-content\/uploads\/2025\/10\/IMG_9699-rotated.jpeg 480w, https:\/\/sportpark-ehrenkirchen.de\/wp-content\/uploads\/2025\/10\/IMG_9699-225x300.jpeg 225w\" sizes=\"auto, (max-width: 480px) 100vw, 480px\" \/><span aria-hidden=\"true\" class=\"wp-block-cover__background has-background-dim-0 has-background-dim\" style=\"background-color:#8c9188\"><\/span><div class=\"wp-block-cover__inner-container is-layout-flow wp-block-cover-is-layout-flow\">\n<div style=\"height:var(--wp--preset--spacing--20)\" aria-hidden=\"true\" class=\"wp-block-spacer\"><\/div>\n<\/div><\/div>\n\n\n\n<h2 class=\"wp-block-heading has-xx-large-font-size\"><\/h2>\n<\/div>\n<\/div>\n\n\n\n<div class=\"wp-block-column is-style-section-1 is-layout-flow wp-block-column-is-layout-flow is-style-section-1--3\" style=\"flex-basis:50%\">\n<h2 class=\"wp-block-heading\">Unterst\u00fctze den Mehrgenerationensportpark Ehrenkirchen<\/h2>\n\n\n\n<p>Der Mehrgenerationensportpark ist ein Projekt von und f\u00fcr die B\u00fcrgerinnen und B\u00fcrger aus Ehrenkirchen und Umgebung. Damit der neue Sport\u2011 und Begegnungsort entstehen kann, sind wir auf finanzielle Unterst\u00fctzung, Sachspenden und die Mithilfe engagierter Menschen angewiesen.<\/p>\n\n\n\n<h2 class=\"wp-block-heading\">Warum sich eine Unterst\u00fctzung lohnt<\/h2>\n\n\n\n<p>Mit deiner Spende oder deinem Sponsoring f\u00f6rderst du ein nachhaltiges Projekt, das Gesundheit, Bewegung, Gemeinschaft und Integration vor Ort st\u00e4rkt. Vereine, Familien und Sportbegeisterte profitieren gleicherma\u00dfen von einem modernen, frei zug\u00e4nglichen Sportangebot.<\/p>\n\n\n\n<h2 class=\"wp-block-heading\">Mitmachen als Sponsor oder Unterst\u00fctzer<\/h2>\n\n\n\n<p>Ob Kleinspende, Materialunterst\u00fctzung, Vereinsengagement oder Expertise bei F\u00f6rderantr\u00e4gen \u2013 jede Form der Beteiligung macht einen Unterschied. Gemeinsam k\u00f6nnen wir einen Ort schaffen, der die gesamte Gemeinde bereichert und Generationen verbindet.<\/p>\n\n\n\n<p>Meldet euch gerne:<\/p>\n\n\n\n<p><a href=\"mailto:Mehrgenerationenplatz@gmx.de\">mehrgenerationenplatz@gmx.de<\/a><\/p>\n<\/div>\n<\/div>\n<\/div>\n\n\n\n<p><\/p>\n","protected":false},"excerpt":{"rendered":"<p>Unterst\u00fctze den Mehrgenerationensportpark Ehrenkirchen Der Mehrgenerationensportpark ist ein Projekt von und f\u00fcr die B\u00fcrgerinnen und B\u00fcrger aus Ehrenkirchen und Umgebung. Damit der neue Sport\u2011 und Begegnungsort entstehen kann, sind wir auf finanzielle Unterst\u00fctzung, Sachspenden und die Mithilfe engagierter Menschen angewiesen. Warum sich eine Unterst\u00fctzung lohnt Mit deiner Spende oder deinem Sponsoring f\u00f6rderst du ein nachhaltiges [&hellip;]<\/p>\n","protected":false},"author":1,"featured_media":0,"parent":0,"menu_order":0,"comment_status":"closed","ping_status":"closed","template":"","meta":{"footnotes":""},"class_list":["post-14","page","type-page","status-publish","hentry"],"yoast_head":"<!-- This site is optimized with the Yoast SEO plugin v26.7 - https:\/\/yoast.com\/wordpress\/plugins\/seo\/ -->\n<title>Sponsoring - Mehrgenerationensportpark Ehrenkirchen<\/title>\n<meta name=\"description\" content=\"Hilf mit beim Aufbau des Mehrgenerationensportparks Ehrenkirchen! Erfahre, wie du das Projekt mit Spenden, Sachleistungen oder F\u00f6rdermitteln unterst\u00fctzen kannst.\" \/>\n<meta name=\"robots\" content=\"index, follow, max-snippet:-1, max-image-preview:large, max-video-preview:-1\" \/>\n<link rel=\"canonical\" href=\"https:\/\/sportpark-ehrenkirchen.de\/?page_id=14\" \/>\n<meta property=\"og:locale\" content=\"de_DE\" \/>\n<meta property=\"og:type\" content=\"article\" \/>\n<meta property=\"og:title\" content=\"Sponsoring - Mehrgenerationensportpark Ehrenkirchen\" \/>\n<meta property=\"og:description\" content=\"Hilf mit beim Aufbau des Mehrgenerationensportparks Ehrenkirchen! Erfahre, wie du das Projekt mit Spenden, Sachleistungen oder F\u00f6rdermitteln unterst\u00fctzen kannst.\" \/>\n<meta property=\"og:url\" content=\"https:\/\/sportpark-ehrenkirchen.de\/?page_id=14\" \/>\n<meta property=\"og:site_name\" content=\"Mehrgenerationensportpark Ehrenkirchen\" \/>\n<meta property=\"article:modified_time\" content=\"2026-01-14T21:33:35+00:00\" \/>\n<meta property=\"og:image\" content=\"https:\/\/sportpark-ehrenkirchen.de\/wp-content\/uploads\/2025\/10\/IMG_9699-rotated.jpeg\" \/>\n\t<meta property=\"og:image:width\" content=\"480\" \/>\n\t<meta property=\"og:image:height\" content=\"640\" \/>\n\t<meta property=\"og:image:type\" content=\"image\/jpeg\" \/>\n<meta name=\"twitter:card\" content=\"summary_large_image\" \/>\n<meta name=\"twitter:label1\" content=\"Gesch\u00e4tzte Lesezeit\" \/>\n\t<meta name=\"twitter:data1\" content=\"1\u00a0Minute\" \/>\n<script type=\"application\/ld+json\" class=\"yoast-schema-graph\">{\"@context\":\"https:\/\/schema.org\",\"@graph\":[{\"@type\":\"WebPage\",\"@id\":\"https:\/\/sportpark-ehrenkirchen.de\/?page_id=14\",\"url\":\"https:\/\/sportpark-ehrenkirchen.de\/?page_id=14\",\"name\":\"Sponsoring - Mehrgenerationensportpark Ehrenkirchen\",\"isPartOf\":{\"@id\":\"https:\/\/sportpark-ehrenkirchen.de\/#website\"},\"primaryImageOfPage\":{\"@id\":\"https:\/\/sportpark-ehrenkirchen.de\/?page_id=14#primaryimage\"},\"image\":{\"@id\":\"https:\/\/sportpark-ehrenkirchen.de\/?page_id=14#primaryimage\"},\"thumbnailUrl\":\"https:\/\/sportpark-ehrenkirchen.de\/wp-content\/uploads\/2025\/10\/IMG_9699-rotated.jpeg\",\"datePublished\":\"2025-10-15T19:43:56+00:00\",\"dateModified\":\"2026-01-14T21:33:35+00:00\",\"description\":\"Hilf mit beim Aufbau des Mehrgenerationensportparks Ehrenkirchen! Erfahre, wie du das Projekt mit Spenden, Sachleistungen oder F\u00f6rdermitteln unterst\u00fctzen kannst.\",\"breadcrumb\":{\"@id\":\"https:\/\/sportpark-ehrenkirchen.de\/?page_id=14#breadcrumb\"},\"inLanguage\":\"de\",\"potentialAction\":[{\"@type\":\"ReadAction\",\"target\":[\"https:\/\/sportpark-ehrenkirchen.de\/?page_id=14\"]}]},{\"@type\":\"ImageObject\",\"inLanguage\":\"de\",\"@id\":\"https:\/\/sportpark-ehrenkirchen.de\/?page_id=14#primaryimage\",\"url\":\"https:\/\/sportpark-ehrenkirchen.de\/wp-content\/uploads\/2025\/10\/IMG_9699-rotated.jpeg\",\"contentUrl\":\"https:\/\/sportpark-ehrenkirchen.de\/wp-content\/uploads\/2025\/10\/IMG_9699-rotated.jpeg\",\"width\":480,\"height\":640},{\"@type\":\"BreadcrumbList\",\"@id\":\"https:\/\/sportpark-ehrenkirchen.de\/?page_id=14#breadcrumb\",\"itemListElement\":[{\"@type\":\"ListItem\",\"position\":1,\"name\":\"Start\",\"item\":\"https:\/\/sportpark-ehrenkirchen.de\/\"},{\"@type\":\"ListItem\",\"position\":2,\"name\":\"Sponsoring\"}]},{\"@type\":\"WebSite\",\"@id\":\"https:\/\/sportpark-ehrenkirchen.de\/#website\",\"url\":\"https:\/\/sportpark-ehrenkirchen.de\/\",\"name\":\"Mehrgenerationensportpark Ehrenkirchen\",\"description\":\"ein Mehrgenerationen Sportplatz f\u00fcr Ehrenkirchen\",\"publisher\":{\"@id\":\"https:\/\/sportpark-ehrenkirchen.de\/#organization\"},\"potentialAction\":[{\"@type\":\"SearchAction\",\"target\":{\"@type\":\"EntryPoint\",\"urlTemplate\":\"https:\/\/sportpark-ehrenkirchen.de\/?s={search_term_string}\"},\"query-input\":{\"@type\":\"PropertyValueSpecification\",\"valueRequired\":true,\"valueName\":\"search_term_string\"}}],\"inLanguage\":\"de\"},{\"@type\":\"Organization\",\"@id\":\"https:\/\/sportpark-ehrenkirchen.de\/#organization\",\"name\":\"Mehrgenerationensportpark Ehrenkirchen\",\"url\":\"https:\/\/sportpark-ehrenkirchen.de\/\",\"logo\":{\"@type\":\"ImageObject\",\"inLanguage\":\"de\",\"@id\":\"https:\/\/sportpark-ehrenkirchen.de\/#\/schema\/logo\/image\/\",\"url\":\"http:\/\/sportpark-ehrenkirchen.de\/wp-content\/uploads\/2025\/10\/ehrenkirchen_view_2-1024x339.png\",\"contentUrl\":\"http:\/\/sportpark-ehrenkirchen.de\/wp-content\/uploads\/2025\/10\/ehrenkirchen_view_2-1024x339.png\",\"width\":1024,\"height\":339,\"caption\":\"Mehrgenerationensportpark Ehrenkirchen\"},\"image\":{\"@id\":\"https:\/\/sportpark-ehrenkirchen.de\/#\/schema\/logo\/image\/\"}}]}<\/script>\n<!-- \/ Yoast SEO plugin. -->","yoast_head_json":{"title":"Sponsoring - Mehrgenerationensportpark Ehrenkirchen","description":"Hilf mit beim Aufbau des Mehrgenerationensportparks Ehrenkirchen! Erfahre, wie du das Projekt mit Spenden, Sachleistungen oder F\u00f6rdermitteln unterst\u00fctzen kannst.","robots":{"index":"index","follow":"follow","max-snippet":"max-snippet:-1","max-image-preview":"max-image-preview:large","max-video-preview":"max-video-preview:-1"},"canonical":"https:\/\/sportpark-ehrenkirchen.de\/?page_id=14","og_locale":"de_DE","og_type":"article","og_title":"Sponsoring - Mehrgenerationensportpark Ehrenkirchen","og_description":"Hilf mit beim Aufbau des Mehrgenerationensportparks Ehrenkirchen! Erfahre, wie du das Projekt mit Spenden, Sachleistungen oder F\u00f6rdermitteln unterst\u00fctzen kannst.","og_url":"https:\/\/sportpark-ehrenkirchen.de\/?page_id=14","og_site_name":"Mehrgenerationensportpark Ehrenkirchen","article_modified_time":"2026-01-14T21:33:35+00:00","og_image":[{"width":480,"height":640,"url":"https:\/\/sportpark-ehrenkirchen.de\/wp-content\/uploads\/2025\/10\/IMG_9699-rotated.jpeg","type":"image\/jpeg"}],"twitter_card":"summary_large_image","twitter_misc":{"Gesch\u00e4tzte Lesezeit":"1\u00a0Minute"},"schema":{"@context":"https:\/\/schema.org","@graph":[{"@type":"WebPage","@id":"https:\/\/sportpark-ehrenkirchen.de\/?page_id=14","url":"https:\/\/sportpark-ehrenkirchen.de\/?page_id=14","name":"Sponsoring - Mehrgenerationensportpark Ehrenkirchen","isPartOf":{"@id":"https:\/\/sportpark-ehrenkirchen.de\/#website"},"primaryImageOfPage":{"@id":"https:\/\/sportpark-ehrenkirchen.de\/?page_id=14#primaryimage"},"image":{"@id":"https:\/\/sportpark-ehrenkirchen.de\/?page_id=14#primaryimage"},"thumbnailUrl":"https:\/\/sportpark-ehrenkirchen.de\/wp-content\/uploads\/2025\/10\/IMG_9699-rotated.jpeg","datePublished":"2025-10-15T19:43:56+00:00","dateModified":"2026-01-14T21:33:35+00:00","description":"Hilf mit beim Aufbau des Mehrgenerationensportparks Ehrenkirchen! Erfahre, wie du das Projekt mit Spenden, Sachleistungen oder F\u00f6rdermitteln unterst\u00fctzen kannst.","breadcrumb":{"@id":"https:\/\/sportpark-ehrenkirchen.de\/?page_id=14#breadcrumb"},"inLanguage":"de","potentialAction":[{"@type":"ReadAction","target":["https:\/\/sportpark-ehrenkirchen.de\/?page_id=14"]}]},{"@type":"ImageObject","inLanguage":"de","@id":"https:\/\/sportpark-ehrenkirchen.de\/?page_id=14#primaryimage","url":"https:\/\/sportpark-ehrenkirchen.de\/wp-content\/uploads\/2025\/10\/IMG_9699-rotated.jpeg","contentUrl":"https:\/\/sportpark-ehrenkirchen.de\/wp-content\/uploads\/2025\/10\/IMG_9699-rotated.jpeg","width":480,"height":640},{"@type":"BreadcrumbList","@id":"https:\/\/sportpark-ehrenkirchen.de\/?page_id=14#breadcrumb","itemListElement":[{"@type":"ListItem","position":1,"name":"Start","item":"https:\/\/sportpark-ehrenkirchen.de\/"},{"@type":"ListItem","position":2,"name":"Sponsoring"}]},{"@type":"WebSite","@id":"https:\/\/sportpark-ehrenkirchen.de\/#website","url":"https:\/\/sportpark-ehrenkirchen.de\/","name":"Mehrgenerationensportpark Ehrenkirchen","description":"ein Mehrgenerationen Sportplatz f\u00fcr Ehrenkirchen","publisher":{"@id":"https:\/\/sportpark-ehrenkirchen.de\/#organization"},"potentialAction":[{"@type":"SearchAction","target":{"@type":"EntryPoint","urlTemplate":"https:\/\/sportpark-ehrenkirchen.de\/?s={search_term_string}"},"query-input":{"@type":"PropertyValueSpecification","valueRequired":true,"valueName":"search_term_string"}}],"inLanguage":"de"},{"@type":"Organization","@id":"https:\/\/sportpark-ehrenkirchen.de\/#organization","name":"Mehrgenerationensportpark Ehrenkirchen","url":"https:\/\/sportpark-ehrenkirchen.de\/","logo":{"@type":"ImageObject","inLanguage":"de","@id":"https:\/\/sportpark-ehrenkirchen.de\/#\/schema\/logo\/image\/","url":"http:\/\/sportpark-ehrenkirchen.de\/wp-content\/uploads\/2025\/10\/ehrenkirchen_view_2-1024x339.png","contentUrl":"http:\/\/sportpark-ehrenkirchen.de\/wp-content\/uploads\/2025\/10\/ehrenkirchen_view_2-1024x339.png","width":1024,"height":339,"caption":"Mehrgenerationensportpark Ehrenkirchen"},"image":{"@id":"https:\/\/sportpark-ehrenkirchen.de\/#\/schema\/logo\/image\/"}}]}},"_links":{"self":[{"href":"https:\/\/sportpark-ehrenkirchen.de\/index.php?rest_route=\/wp\/v2\/pages\/14","targetHints":{"allow":["GET"]}}],"collection":[{"href":"https:\/\/sportpark-ehrenkirchen.de\/index.php?rest_route=\/wp\/v2\/pages"}],"about":[{"href":"https:\/\/sportpark-ehrenkirchen.de\/index.php?rest_route=\/wp\/v2\/types\/page"}],"author":[{"embeddable":true,"href":"https:\/\/sportpark-ehrenkirchen.de\/index.php?rest_route=\/wp\/v2\/users\/1"}],"replies":[{"embeddable":true,"href":"https:\/\/sportpark-ehrenkirchen.de\/index.php?rest_route=%2Fwp%2Fv2%2Fcomments&post=14"}],"version-history":[{"count":4,"href":"https:\/\/sportpark-ehrenkirchen.de\/index.php?rest_route=\/wp\/v2\/pages\/14\/revisions"}],"predecessor-version":[{"id":79,"href":"https:\/\/sportpark-ehrenkirchen.de\/index.php?rest_route=\/wp\/v2\/pages\/14\/revisions\/79"}],"wp:attachment":[{"href":"https:\/\/sportpark-ehrenkirchen.de\/index.php?rest_route=%2Fwp%2Fv2%2Fmedia&parent=14"}],"curies":[{"name":"wp","href":"https:\/\/api.w.org\/{rel}","templated":true}]}}