{"id":48,"date":"2025-10-29T11:25:32","date_gmt":"2025-10-29T11:25:32","guid":{"rendered":"https:\/\/sportpark-ehrenkirchen.de\/?page_id=48"},"modified":"2026-01-14T21:29:13","modified_gmt":"2026-01-14T21:29:13","slug":"wer-wir-sind-projektgruppe-mehrgenerationensportpark-ehrenkirchen","status":"publish","type":"page","link":"https:\/\/sportpark-ehrenkirchen.de\/?page_id=48","title":{"rendered":"Wer wir sind"},"content":{"rendered":"\n<p class=\"is-style-default\"><\/p>\n\n\n\n<h2 class=\"wp-block-heading\">Die Projektgruppe des Mehrgenerationensportparks Ehrenkirchen<\/h2>\n\n\n\n<p><\/p>\n\n\n\n<figure class=\"wp-block-image size-large\"><img loading=\"lazy\" decoding=\"async\" width=\"1024\" height=\"144\" src=\"https:\/\/sportpark-ehrenkirchen.de\/wp-content\/uploads\/2025\/10\/projektgruppe-1024x144.png\" alt=\"\" class=\"wp-image-49\" srcset=\"https:\/\/sportpark-ehrenkirchen.de\/wp-content\/uploads\/2025\/10\/projektgruppe-1024x144.png 1024w, https:\/\/sportpark-ehrenkirchen.de\/wp-content\/uploads\/2025\/10\/projektgruppe-300x42.png 300w, https:\/\/sportpark-ehrenkirchen.de\/wp-content\/uploads\/2025\/10\/projektgruppe-768x108.png 768w, https:\/\/sportpark-ehrenkirchen.de\/wp-content\/uploads\/2025\/10\/projektgruppe.png 1126w\" sizes=\"auto, (max-width: 1024px) 100vw, 1024px\" \/><\/figure>\n\n\n\n<p>Die Projektgruppe setzt sich aus engagierten Eltern, Vereinsmitgliedern (RMSV, SV, TV, SpvGG), der Mobilen Jugendarbeit, Berufssportlern sowie lokalen Unterst\u00fctzern zusammen. Gemeinsam verfolgen wir das Ziel, mit dem Mehrgenerationensportpark einen dauerhaften Platz f\u00fcr Sport, Begegnung und Bewegung im Herzen von Ehrenkirchen zu schaffen.<\/p>\n\n\n\n<h2 class=\"wp-block-heading\">Warum wir uns engagieren<\/h2>\n\n\n\n<p>Uns verbindet die \u00dcberzeugung, dass wohnortnahe Bewegungsangebote einen wichtigen Beitrag f\u00fcr Gesundheit, Gemeinschaft und Lebensqualit\u00e4t leisten. Mit unserer Arbeit m\u00f6chten wir einen Ort schaffen, an dem Kinder, Jugendliche, Erwachsene und Senioren sich begegnen, voneinander lernen und gemeinsam aktiv sein k\u00f6nnen.<\/p>\n\n\n\n<h2 class=\"wp-block-heading\">Transparenz und Beteiligung<\/h2>\n\n\n\n<p>Wir legen gro\u00dfen Wert auf einen offenen Planungsprozess. Workshops, B\u00fcrgerbeteiligung und Kooperationen mit lokalen Partnern erm\u00f6glichen es, Ideen und W\u00fcnsche aus der Gemeinde direkt in die Planung einzubeziehen. Jeder ist eingeladen, mitzuwirken und das Projekt aktiv mitzugestalten.<\/p>\n\n\n\n<p><a href=\"mailto:Mehrgenerationenplatz@gmx.de\">mehrgenerationenplatz@gmx.de<\/a><\/p>\n\n\n\n<p><\/p>\n","protected":false},"excerpt":{"rendered":"<p>Die Projektgruppe des Mehrgenerationensportparks Ehrenkirchen Die Projektgruppe setzt sich aus engagierten Eltern, Vereinsmitgliedern (RMSV, SV, TV, SpvGG), der Mobilen Jugendarbeit, Berufssportlern sowie lokalen Unterst\u00fctzern zusammen. Gemeinsam verfolgen wir das Ziel, mit dem Mehrgenerationensportpark einen dauerhaften Platz f\u00fcr Sport, Begegnung und Bewegung im Herzen von Ehrenkirchen zu schaffen. Warum wir uns engagieren Uns verbindet die \u00dcberzeugung, [&hellip;]<\/p>\n","protected":false},"author":1,"featured_media":0,"parent":0,"menu_order":0,"comment_status":"closed","ping_status":"closed","template":"","meta":{"footnotes":""},"class_list":["post-48","page","type-page","status-publish","hentry"],"yoast_head":"<!-- This site is optimized with the Yoast SEO plugin v26.7 - https:\/\/yoast.com\/wordpress\/plugins\/seo\/ -->\n<title>Wer wir sind - Mehrgenerationensportpark Ehrenkirchen<\/title>\n<meta name=\"description\" content=\"Lerne die Projektgruppe des Mehrgenerationensportparks Ehrenkirchen kennen: Vereine, Eltern, Berufssportler und lokale Initiativen arbeiten gemeinsam am neuen Sporttreffpunkt.\" \/>\n<meta name=\"robots\" content=\"index, follow, max-snippet:-1, max-image-preview:large, max-video-preview:-1\" \/>\n<link rel=\"canonical\" href=\"https:\/\/sportpark-ehrenkirchen.de\/?page_id=48\" \/>\n<meta property=\"og:locale\" content=\"de_DE\" \/>\n<meta property=\"og:type\" content=\"article\" \/>\n<meta property=\"og:title\" content=\"Wer wir sind - Mehrgenerationensportpark Ehrenkirchen\" \/>\n<meta property=\"og:description\" content=\"Lerne die Projektgruppe des Mehrgenerationensportparks Ehrenkirchen kennen: Vereine, Eltern, Berufssportler und lokale Initiativen arbeiten gemeinsam am neuen Sporttreffpunkt.\" \/>\n<meta property=\"og:url\" content=\"https:\/\/sportpark-ehrenkirchen.de\/?page_id=48\" \/>\n<meta property=\"og:site_name\" content=\"Mehrgenerationensportpark Ehrenkirchen\" \/>\n<meta property=\"article:modified_time\" content=\"2026-01-14T21:29:13+00:00\" \/>\n<meta property=\"og:image\" content=\"https:\/\/sportpark-ehrenkirchen.de\/wp-content\/uploads\/2025\/10\/projektgruppe.png\" \/>\n\t<meta property=\"og:image:width\" content=\"1126\" \/>\n\t<meta property=\"og:image:height\" content=\"158\" \/>\n\t<meta property=\"og:image:type\" content=\"image\/png\" \/>\n<meta name=\"twitter:card\" content=\"summary_large_image\" \/>\n<meta name=\"twitter:label1\" content=\"Gesch\u00e4tzte Lesezeit\" \/>\n\t<meta name=\"twitter:data1\" content=\"1\u00a0Minute\" \/>\n<script type=\"application\/ld+json\" class=\"yoast-schema-graph\">{\"@context\":\"https:\/\/schema.org\",\"@graph\":[{\"@type\":\"WebPage\",\"@id\":\"https:\/\/sportpark-ehrenkirchen.de\/?page_id=48\",\"url\":\"https:\/\/sportpark-ehrenkirchen.de\/?page_id=48\",\"name\":\"Wer wir sind - Mehrgenerationensportpark Ehrenkirchen\",\"isPartOf\":{\"@id\":\"https:\/\/sportpark-ehrenkirchen.de\/#website\"},\"primaryImageOfPage\":{\"@id\":\"https:\/\/sportpark-ehrenkirchen.de\/?page_id=48#primaryimage\"},\"image\":{\"@id\":\"https:\/\/sportpark-ehrenkirchen.de\/?page_id=48#primaryimage\"},\"thumbnailUrl\":\"https:\/\/sportpark-ehrenkirchen.de\/wp-content\/uploads\/2025\/10\/projektgruppe-1024x144.png\",\"datePublished\":\"2025-10-29T11:25:32+00:00\",\"dateModified\":\"2026-01-14T21:29:13+00:00\",\"description\":\"Lerne die Projektgruppe des Mehrgenerationensportparks Ehrenkirchen kennen: Vereine, Eltern, Berufssportler und lokale Initiativen arbeiten gemeinsam am neuen Sporttreffpunkt.\",\"breadcrumb\":{\"@id\":\"https:\/\/sportpark-ehrenkirchen.de\/?page_id=48#breadcrumb\"},\"inLanguage\":\"de\",\"potentialAction\":[{\"@type\":\"ReadAction\",\"target\":[\"https:\/\/sportpark-ehrenkirchen.de\/?page_id=48\"]}]},{\"@type\":\"ImageObject\",\"inLanguage\":\"de\",\"@id\":\"https:\/\/sportpark-ehrenkirchen.de\/?page_id=48#primaryimage\",\"url\":\"https:\/\/sportpark-ehrenkirchen.de\/wp-content\/uploads\/2025\/10\/projektgruppe.png\",\"contentUrl\":\"https:\/\/sportpark-ehrenkirchen.de\/wp-content\/uploads\/2025\/10\/projektgruppe.png\",\"width\":1126,\"height\":158},{\"@type\":\"BreadcrumbList\",\"@id\":\"https:\/\/sportpark-ehrenkirchen.de\/?page_id=48#breadcrumb\",\"itemListElement\":[{\"@type\":\"ListItem\",\"position\":1,\"name\":\"Start\",\"item\":\"https:\/\/sportpark-ehrenkirchen.de\/\"},{\"@type\":\"ListItem\",\"position\":2,\"name\":\"Wer wir sind\"}]},{\"@type\":\"WebSite\",\"@id\":\"https:\/\/sportpark-ehrenkirchen.de\/#website\",\"url\":\"https:\/\/sportpark-ehrenkirchen.de\/\",\"name\":\"Mehrgenerationensportpark Ehrenkirchen\",\"description\":\"ein Mehrgenerationen Sportplatz f\u00fcr Ehrenkirchen\",\"publisher\":{\"@id\":\"https:\/\/sportpark-ehrenkirchen.de\/#organization\"},\"potentialAction\":[{\"@type\":\"SearchAction\",\"target\":{\"@type\":\"EntryPoint\",\"urlTemplate\":\"https:\/\/sportpark-ehrenkirchen.de\/?s={search_term_string}\"},\"query-input\":{\"@type\":\"PropertyValueSpecification\",\"valueRequired\":true,\"valueName\":\"search_term_string\"}}],\"inLanguage\":\"de\"},{\"@type\":\"Organization\",\"@id\":\"https:\/\/sportpark-ehrenkirchen.de\/#organization\",\"name\":\"Mehrgenerationensportpark Ehrenkirchen\",\"url\":\"https:\/\/sportpark-ehrenkirchen.de\/\",\"logo\":{\"@type\":\"ImageObject\",\"inLanguage\":\"de\",\"@id\":\"https:\/\/sportpark-ehrenkirchen.de\/#\/schema\/logo\/image\/\",\"url\":\"http:\/\/sportpark-ehrenkirchen.de\/wp-content\/uploads\/2025\/10\/ehrenkirchen_view_2-1024x339.png\",\"contentUrl\":\"http:\/\/sportpark-ehrenkirchen.de\/wp-content\/uploads\/2025\/10\/ehrenkirchen_view_2-1024x339.png\",\"width\":1024,\"height\":339,\"caption\":\"Mehrgenerationensportpark Ehrenkirchen\"},\"image\":{\"@id\":\"https:\/\/sportpark-ehrenkirchen.de\/#\/schema\/logo\/image\/\"}}]}<\/script>\n<!-- \/ Yoast SEO plugin. -->","yoast_head_json":{"title":"Wer wir sind - Mehrgenerationensportpark Ehrenkirchen","description":"Lerne die Projektgruppe des Mehrgenerationensportparks Ehrenkirchen kennen: Vereine, Eltern, Berufssportler und lokale Initiativen arbeiten gemeinsam am neuen Sporttreffpunkt.","robots":{"index":"index","follow":"follow","max-snippet":"max-snippet:-1","max-image-preview":"max-image-preview:large","max-video-preview":"max-video-preview:-1"},"canonical":"https:\/\/sportpark-ehrenkirchen.de\/?page_id=48","og_locale":"de_DE","og_type":"article","og_title":"Wer wir sind - Mehrgenerationensportpark Ehrenkirchen","og_description":"Lerne die Projektgruppe des Mehrgenerationensportparks Ehrenkirchen kennen: Vereine, Eltern, Berufssportler und lokale Initiativen arbeiten gemeinsam am neuen Sporttreffpunkt.","og_url":"https:\/\/sportpark-ehrenkirchen.de\/?page_id=48","og_site_name":"Mehrgenerationensportpark Ehrenkirchen","article_modified_time":"2026-01-14T21:29:13+00:00","og_image":[{"width":1126,"height":158,"url":"https:\/\/sportpark-ehrenkirchen.de\/wp-content\/uploads\/2025\/10\/projektgruppe.png","type":"image\/png"}],"twitter_card":"summary_large_image","twitter_misc":{"Gesch\u00e4tzte Lesezeit":"1\u00a0Minute"},"schema":{"@context":"https:\/\/schema.org","@graph":[{"@type":"WebPage","@id":"https:\/\/sportpark-ehrenkirchen.de\/?page_id=48","url":"https:\/\/sportpark-ehrenkirchen.de\/?page_id=48","name":"Wer wir sind - Mehrgenerationensportpark Ehrenkirchen","isPartOf":{"@id":"https:\/\/sportpark-ehrenkirchen.de\/#website"},"primaryImageOfPage":{"@id":"https:\/\/sportpark-ehrenkirchen.de\/?page_id=48#primaryimage"},"image":{"@id":"https:\/\/sportpark-ehrenkirchen.de\/?page_id=48#primaryimage"},"thumbnailUrl":"https:\/\/sportpark-ehrenkirchen.de\/wp-content\/uploads\/2025\/10\/projektgruppe-1024x144.png","datePublished":"2025-10-29T11:25:32+00:00","dateModified":"2026-01-14T21:29:13+00:00","description":"Lerne die Projektgruppe des Mehrgenerationensportparks Ehrenkirchen kennen: Vereine, Eltern, Berufssportler und lokale Initiativen arbeiten gemeinsam am neuen Sporttreffpunkt.","breadcrumb":{"@id":"https:\/\/sportpark-ehrenkirchen.de\/?page_id=48#breadcrumb"},"inLanguage":"de","potentialAction":[{"@type":"ReadAction","target":["https:\/\/sportpark-ehrenkirchen.de\/?page_id=48"]}]},{"@type":"ImageObject","inLanguage":"de","@id":"https:\/\/sportpark-ehrenkirchen.de\/?page_id=48#primaryimage","url":"https:\/\/sportpark-ehrenkirchen.de\/wp-content\/uploads\/2025\/10\/projektgruppe.png","contentUrl":"https:\/\/sportpark-ehrenkirchen.de\/wp-content\/uploads\/2025\/10\/projektgruppe.png","width":1126,"height":158},{"@type":"BreadcrumbList","@id":"https:\/\/sportpark-ehrenkirchen.de\/?page_id=48#breadcrumb","itemListElement":[{"@type":"ListItem","position":1,"name":"Start","item":"https:\/\/sportpark-ehrenkirchen.de\/"},{"@type":"ListItem","position":2,"name":"Wer wir sind"}]},{"@type":"WebSite","@id":"https:\/\/sportpark-ehrenkirchen.de\/#website","url":"https:\/\/sportpark-ehrenkirchen.de\/","name":"Mehrgenerationensportpark Ehrenkirchen","description":"ein Mehrgenerationen Sportplatz f\u00fcr Ehrenkirchen","publisher":{"@id":"https:\/\/sportpark-ehrenkirchen.de\/#organization"},"potentialAction":[{"@type":"SearchAction","target":{"@type":"EntryPoint","urlTemplate":"https:\/\/sportpark-ehrenkirchen.de\/?s={search_term_string}"},"query-input":{"@type":"PropertyValueSpecification","valueRequired":true,"valueName":"search_term_string"}}],"inLanguage":"de"},{"@type":"Organization","@id":"https:\/\/sportpark-ehrenkirchen.de\/#organization","name":"Mehrgenerationensportpark Ehrenkirchen","url":"https:\/\/sportpark-ehrenkirchen.de\/","logo":{"@type":"ImageObject","inLanguage":"de","@id":"https:\/\/sportpark-ehrenkirchen.de\/#\/schema\/logo\/image\/","url":"http:\/\/sportpark-ehrenkirchen.de\/wp-content\/uploads\/2025\/10\/ehrenkirchen_view_2-1024x339.png","contentUrl":"http:\/\/sportpark-ehrenkirchen.de\/wp-content\/uploads\/2025\/10\/ehrenkirchen_view_2-1024x339.png","width":1024,"height":339,"caption":"Mehrgenerationensportpark Ehrenkirchen"},"image":{"@id":"https:\/\/sportpark-ehrenkirchen.de\/#\/schema\/logo\/image\/"}}]}},"_links":{"self":[{"href":"https:\/\/sportpark-ehrenkirchen.de\/index.php?rest_route=\/wp\/v2\/pages\/48","targetHints":{"allow":["GET"]}}],"collection":[{"href":"https:\/\/sportpark-ehrenkirchen.de\/index.php?rest_route=\/wp\/v2\/pages"}],"about":[{"href":"https:\/\/sportpark-ehrenkirchen.de\/index.php?rest_route=\/wp\/v2\/types\/page"}],"author":[{"embeddable":true,"href":"https:\/\/sportpark-ehrenkirchen.de\/index.php?rest_route=\/wp\/v2\/users\/1"}],"replies":[{"embeddable":true,"href":"https:\/\/sportpark-ehrenkirchen.de\/index.php?rest_route=%2Fwp%2Fv2%2Fcomments&post=48"}],"version-history":[{"count":2,"href":"https:\/\/sportpark-ehrenkirchen.de\/index.php?rest_route=\/wp\/v2\/pages\/48\/revisions"}],"predecessor-version":[{"id":75,"href":"https:\/\/sportpark-ehrenkirchen.de\/index.php?rest_route=\/wp\/v2\/pages\/48\/revisions\/75"}],"wp:attachment":[{"href":"https:\/\/sportpark-ehrenkirchen.de\/index.php?rest_route=%2Fwp%2Fv2%2Fmedia&parent=48"}],"curies":[{"name":"wp","href":"https:\/\/api.w.org\/{rel}","templated":true}]}}