{"id":8,"date":"2025-10-15T19:36:23","date_gmt":"2025-10-15T19:36:23","guid":{"rendered":"https:\/\/sportpark-ehrenkirchen.de\/?page_id=8"},"modified":"2026-01-14T21:41:34","modified_gmt":"2026-01-14T21:41:34","slug":"mehrgenerationensportpark-ehrenkirchen-sport-begegnung-fuer-alle","status":"publish","type":"page","link":"https:\/\/sportpark-ehrenkirchen.de\/","title":{"rendered":"Willkommen"},"content":{"rendered":"\n<figure class=\"wp-block-image size-large\"><img loading=\"lazy\" decoding=\"async\" width=\"1024\" height=\"339\" src=\"https:\/\/sportpark-ehrenkirchen.de\/wp-content\/uploads\/2025\/10\/ehrenkirchen_view_2-1024x339.png\" alt=\"\" class=\"wp-image-42\" srcset=\"https:\/\/sportpark-ehrenkirchen.de\/wp-content\/uploads\/2025\/10\/ehrenkirchen_view_2-1024x339.png 1024w, https:\/\/sportpark-ehrenkirchen.de\/wp-content\/uploads\/2025\/10\/ehrenkirchen_view_2-300x99.png 300w, https:\/\/sportpark-ehrenkirchen.de\/wp-content\/uploads\/2025\/10\/ehrenkirchen_view_2-768x254.png 768w, https:\/\/sportpark-ehrenkirchen.de\/wp-content\/uploads\/2025\/10\/ehrenkirchen_view_2-1536x508.png 1536w, https:\/\/sportpark-ehrenkirchen.de\/wp-content\/uploads\/2025\/10\/ehrenkirchen_view_2.png 1860w\" sizes=\"auto, (max-width: 1024px) 100vw, 1024px\" \/><\/figure>\n\n\n\n<div class=\"wp-block-group has-global-padding is-layout-constrained wp-block-group-is-layout-constrained\">\n<h2 class=\"wp-block-heading\">News<\/h2>\n\n\n\n<ul class=\"wp-block-list\">\n<li>Am 16. und 17. Oktober fand unser erster Ideen- und Beteiligungsworkshop online und vor Ort in der Kirchberghalle statt. Wir danken allen Beteiligten f\u00fcr den konstruktiven Austausch. Eine kleine Zusammenfassung der Ergebnisse findet ihr <a href=\"https:\/\/sportpark-ehrenkirchen.de\/?page_id=30\" data-type=\"page\" data-id=\"30\">hier.<\/a><\/li>\n<\/ul>\n\n\n\n<p><\/p>\n<\/div>\n\n\n\n<div class=\"wp-block-group alignfull is-layout-flow wp-container-core-group-is-layout-f9cb6abc wp-block-group-is-layout-flow\" style=\"margin-top:0;margin-bottom:0\">\n<div class=\"wp-block-columns alignfull is-style-section-2 is-layout-flex wp-container-core-columns-is-layout-d9884270 wp-block-columns-is-layout-flex is-style-section-2--1\" style=\"padding-top:0;padding-bottom:0\">\n<div class=\"wp-block-column is-style-section-1 is-layout-flow wp-block-column-is-layout-flow is-style-section-1--2\" style=\"flex-basis:50%\">\n<div class=\"wp-block-group is-style-section-1 is-vertical is-content-justification-stretch is-layout-flex wp-container-core-group-is-layout-098fff0a wp-block-group-is-layout-flex is-style-section-1--3\" style=\"min-height:33vh;padding-top:var(--wp--preset--spacing--50);padding-right:var(--wp--preset--spacing--50);padding-bottom:var(--wp--preset--spacing--50);padding-left:var(--wp--preset--spacing--50)\">\n<h2 class=\"wp-block-heading has-xx-large-font-size\">Was ist der Mehrgenerationensportpark Ehrenkirchen?<\/h2>\n\n\n\n<p>Der Mehrgenerationensportpark Ehrenkirchen entsteht als ein offener Treffpunkt f\u00fcr Bewegung, Begegnung und Gemeinschaft. Auf dem Sportgel\u00e4nde in Kirchhofen soll ein Ort entstehen, an dem Menschen aller Altersgruppen miteinander aktiv sein k\u00f6nnen \u2013 vom Kind auf dem Laufrad bis zum Senior, der sich fit halten m\u00f6chte. <\/p>\n\n\n\n<p>Der Park soll frei zug\u00e4nglich sein und ein modernes, vielseitiges Sportangebot im Raum Ehrenkirchen und Umgebung schaffen.<\/p>\n\n\n\n<p><\/p>\n\n\n\n<h2 class=\"wp-block-heading\">Sport- und Bewegungsangebote f\u00fcr alle Altersgruppen<\/h2>\n\n\n\n<p><\/p>\n\n\n\n<p>Die Planung umfasst eine attraktive Pumptrack\u2011Anlage, Calisthenics\u2011Equipment, Ballsportfl\u00e4chen sowie verschiedene Aufenthalts- und Erholungsbereiche. Erg\u00e4nzt wird dies durch Infrastruktur wie Sitzpl\u00e4tze, Schattenzonen, Wasserstellen und weitere Angebote, die zu einem lebendigen Treffpunkt f\u00fcr Sport und Freizeit beitragen.<\/p>\n\n\n\n<p><\/p>\n\n\n\n<h2 class=\"wp-block-heading\">Gemeinschaft, Engagement und lokale Zusammenarbeit<\/h2>\n\n\n\n<p><\/p>\n\n\n\n<p>Das Projekt wird von engagierten B\u00fcrgerinnen und B\u00fcrgern, lokalen Vereinen und Fachleuten getragen. Ziel ist es, einen Ort zu schaffen, der die Dorfgemeinschaft st\u00e4rkt und Sport f\u00fcr alle zug\u00e4nglich macht. Jede Form der Unterst\u00fctzung \u2013 ob Ideen, Mitarbeit oder Spenden \u2013 tr\u00e4gt zur Realisierung des Parks bei.<\/p>\n\n\n\n<p><a href=\"mailto:Mehrgenerationenplatz@gmx.de\">mehrgenerationenplatz@gmx.de<\/a><\/p>\n\n\n\n<p class=\"is-style-text-display is-style-text-display--4\"><\/p>\n<\/div>\n<\/div>\n\n\n\n<div class=\"wp-block-column is-layout-flow wp-block-column-is-layout-flow\" style=\"flex-basis:50%\">\n<div class=\"wp-block-cover is-light responsive-logo\" style=\"min-height:913px;aspect-ratio:unset;\"><img loading=\"lazy\" decoding=\"async\" width=\"300\" height=\"300\" class=\"wp-block-cover__image-background wp-image-11 size-medium\" alt=\"\" src=\"http:\/\/sportpark-ehrenkirchen.de\/wp-content\/uploads\/2025\/10\/image1-300x300.jpeg\" data-object-fit=\"cover\" srcset=\"https:\/\/sportpark-ehrenkirchen.de\/wp-content\/uploads\/2025\/10\/image1-300x300.jpeg 300w, https:\/\/sportpark-ehrenkirchen.de\/wp-content\/uploads\/2025\/10\/image1-150x150.jpeg 150w, https:\/\/sportpark-ehrenkirchen.de\/wp-content\/uploads\/2025\/10\/image1.jpeg 500w\" sizes=\"auto, (max-width: 300px) 100vw, 300px\" \/><span aria-hidden=\"true\" class=\"wp-block-cover__background has-background-dim-0 has-background-dim\" style=\"background-color:#f0f2ef\"><\/span><div class=\"wp-block-cover__inner-container is-layout-flow wp-block-cover-is-layout-flow\">\n<div style=\"height:var(--wp--preset--spacing--20)\" aria-hidden=\"true\" class=\"wp-block-spacer\"><\/div>\n<\/div><\/div>\n<\/div>\n<\/div>\n<\/div>\n\n\n\n<p><\/p>\n\n\n\n<p><\/p>\n","protected":false},"excerpt":{"rendered":"<p>News Was ist der Mehrgenerationensportpark Ehrenkirchen? Der Mehrgenerationensportpark Ehrenkirchen entsteht als ein offener Treffpunkt f\u00fcr Bewegung, Begegnung und Gemeinschaft. Auf dem Sportgel\u00e4nde in Kirchhofen soll ein Ort entstehen, an dem Menschen aller Altersgruppen miteinander aktiv sein k\u00f6nnen \u2013 vom Kind auf dem Laufrad bis zum Senior, der sich fit halten m\u00f6chte. Der Park soll frei [&hellip;]<\/p>\n","protected":false},"author":1,"featured_media":0,"parent":0,"menu_order":0,"comment_status":"closed","ping_status":"closed","template":"","meta":{"footnotes":""},"class_list":["post-8","page","type-page","status-publish","hentry"],"yoast_head":"<!-- This site is optimized with the Yoast SEO plugin v26.7 - https:\/\/yoast.com\/wordpress\/plugins\/seo\/ -->\n<title>Willkommen - Mehrgenerationensportpark Ehrenkirchen<\/title>\n<meta name=\"description\" content=\"Der Mehrgenerationensportpark Ehrenkirchen bietet Pumptrack, Calisthenics, Ballsportfl\u00e4chen und Erholungsbereiche f\u00fcr Jung und Alt. Erfahre mehr \u00fcber das Projekt!\" \/>\n<meta name=\"robots\" content=\"index, follow, max-snippet:-1, max-image-preview:large, max-video-preview:-1\" \/>\n<link rel=\"canonical\" href=\"https:\/\/sportpark-ehrenkirchen.de\/\" \/>\n<meta property=\"og:locale\" content=\"de_DE\" \/>\n<meta property=\"og:type\" content=\"article\" \/>\n<meta property=\"og:title\" content=\"Willkommen - Mehrgenerationensportpark Ehrenkirchen\" \/>\n<meta property=\"og:description\" content=\"Der Mehrgenerationensportpark Ehrenkirchen bietet Pumptrack, Calisthenics, Ballsportfl\u00e4chen und Erholungsbereiche f\u00fcr Jung und Alt. Erfahre mehr \u00fcber das Projekt!\" \/>\n<meta property=\"og:url\" content=\"https:\/\/sportpark-ehrenkirchen.de\/\" \/>\n<meta property=\"og:site_name\" content=\"Mehrgenerationensportpark Ehrenkirchen\" \/>\n<meta property=\"article:modified_time\" content=\"2026-01-14T21:41:34+00:00\" \/>\n<meta property=\"og:image\" content=\"https:\/\/sportpark-ehrenkirchen.de\/wp-content\/uploads\/2025\/10\/ehrenkirchen_view_2-1024x339.png\" \/>\n\t<meta property=\"og:image:width\" content=\"1024\" \/>\n\t<meta property=\"og:image:height\" content=\"339\" \/>\n\t<meta property=\"og:image:type\" content=\"image\/png\" \/>\n<meta name=\"twitter:card\" content=\"summary_large_image\" \/>\n<meta name=\"twitter:label1\" content=\"Gesch\u00e4tzte Lesezeit\" \/>\n\t<meta name=\"twitter:data1\" content=\"2\u00a0Minuten\" \/>\n<script type=\"application\/ld+json\" class=\"yoast-schema-graph\">{\"@context\":\"https:\/\/schema.org\",\"@graph\":[{\"@type\":\"WebPage\",\"@id\":\"https:\/\/sportpark-ehrenkirchen.de\/\",\"url\":\"https:\/\/sportpark-ehrenkirchen.de\/\",\"name\":\"Willkommen - Mehrgenerationensportpark Ehrenkirchen\",\"isPartOf\":{\"@id\":\"https:\/\/sportpark-ehrenkirchen.de\/#website\"},\"primaryImageOfPage\":{\"@id\":\"https:\/\/sportpark-ehrenkirchen.de\/#primaryimage\"},\"image\":{\"@id\":\"https:\/\/sportpark-ehrenkirchen.de\/#primaryimage\"},\"thumbnailUrl\":\"https:\/\/sportpark-ehrenkirchen.de\/wp-content\/uploads\/2025\/10\/ehrenkirchen_view_2-1024x339.png\",\"datePublished\":\"2025-10-15T19:36:23+00:00\",\"dateModified\":\"2026-01-14T21:41:34+00:00\",\"description\":\"Der Mehrgenerationensportpark Ehrenkirchen bietet Pumptrack, Calisthenics, Ballsportfl\u00e4chen und Erholungsbereiche f\u00fcr Jung und Alt. Erfahre mehr \u00fcber das Projekt!\",\"breadcrumb\":{\"@id\":\"https:\/\/sportpark-ehrenkirchen.de\/#breadcrumb\"},\"inLanguage\":\"de\",\"potentialAction\":[{\"@type\":\"ReadAction\",\"target\":[\"https:\/\/sportpark-ehrenkirchen.de\/\"]}]},{\"@type\":\"ImageObject\",\"inLanguage\":\"de\",\"@id\":\"https:\/\/sportpark-ehrenkirchen.de\/#primaryimage\",\"url\":\"https:\/\/sportpark-ehrenkirchen.de\/wp-content\/uploads\/2025\/10\/ehrenkirchen_view_2.png\",\"contentUrl\":\"https:\/\/sportpark-ehrenkirchen.de\/wp-content\/uploads\/2025\/10\/ehrenkirchen_view_2.png\",\"width\":1860,\"height\":615},{\"@type\":\"BreadcrumbList\",\"@id\":\"https:\/\/sportpark-ehrenkirchen.de\/#breadcrumb\",\"itemListElement\":[{\"@type\":\"ListItem\",\"position\":1,\"name\":\"Start\",\"item\":\"https:\/\/sportpark-ehrenkirchen.de\/\"},{\"@type\":\"ListItem\",\"position\":2,\"name\":\"Willkommen\"}]},{\"@type\":\"WebSite\",\"@id\":\"https:\/\/sportpark-ehrenkirchen.de\/#website\",\"url\":\"https:\/\/sportpark-ehrenkirchen.de\/\",\"name\":\"Mehrgenerationensportpark Ehrenkirchen\",\"description\":\"ein Mehrgenerationen Sportplatz f\u00fcr Ehrenkirchen\",\"publisher\":{\"@id\":\"https:\/\/sportpark-ehrenkirchen.de\/#organization\"},\"potentialAction\":[{\"@type\":\"SearchAction\",\"target\":{\"@type\":\"EntryPoint\",\"urlTemplate\":\"https:\/\/sportpark-ehrenkirchen.de\/?s={search_term_string}\"},\"query-input\":{\"@type\":\"PropertyValueSpecification\",\"valueRequired\":true,\"valueName\":\"search_term_string\"}}],\"inLanguage\":\"de\"},{\"@type\":\"Organization\",\"@id\":\"https:\/\/sportpark-ehrenkirchen.de\/#organization\",\"name\":\"Mehrgenerationensportpark Ehrenkirchen\",\"url\":\"https:\/\/sportpark-ehrenkirchen.de\/\",\"logo\":{\"@type\":\"ImageObject\",\"inLanguage\":\"de\",\"@id\":\"https:\/\/sportpark-ehrenkirchen.de\/#\/schema\/logo\/image\/\",\"url\":\"http:\/\/sportpark-ehrenkirchen.de\/wp-content\/uploads\/2025\/10\/ehrenkirchen_view_2-1024x339.png\",\"contentUrl\":\"http:\/\/sportpark-ehrenkirchen.de\/wp-content\/uploads\/2025\/10\/ehrenkirchen_view_2-1024x339.png\",\"width\":1024,\"height\":339,\"caption\":\"Mehrgenerationensportpark Ehrenkirchen\"},\"image\":{\"@id\":\"https:\/\/sportpark-ehrenkirchen.de\/#\/schema\/logo\/image\/\"}}]}<\/script>\n<!-- \/ Yoast SEO plugin. -->","yoast_head_json":{"title":"Willkommen - Mehrgenerationensportpark Ehrenkirchen","description":"Der Mehrgenerationensportpark Ehrenkirchen bietet Pumptrack, Calisthenics, Ballsportfl\u00e4chen und Erholungsbereiche f\u00fcr Jung und Alt. Erfahre mehr \u00fcber das Projekt!","robots":{"index":"index","follow":"follow","max-snippet":"max-snippet:-1","max-image-preview":"max-image-preview:large","max-video-preview":"max-video-preview:-1"},"canonical":"https:\/\/sportpark-ehrenkirchen.de\/","og_locale":"de_DE","og_type":"article","og_title":"Willkommen - Mehrgenerationensportpark Ehrenkirchen","og_description":"Der Mehrgenerationensportpark Ehrenkirchen bietet Pumptrack, Calisthenics, Ballsportfl\u00e4chen und Erholungsbereiche f\u00fcr Jung und Alt. Erfahre mehr \u00fcber das Projekt!","og_url":"https:\/\/sportpark-ehrenkirchen.de\/","og_site_name":"Mehrgenerationensportpark Ehrenkirchen","article_modified_time":"2026-01-14T21:41:34+00:00","og_image":[{"width":1024,"height":339,"url":"https:\/\/sportpark-ehrenkirchen.de\/wp-content\/uploads\/2025\/10\/ehrenkirchen_view_2-1024x339.png","type":"image\/png"}],"twitter_card":"summary_large_image","twitter_misc":{"Gesch\u00e4tzte Lesezeit":"2\u00a0Minuten"},"schema":{"@context":"https:\/\/schema.org","@graph":[{"@type":"WebPage","@id":"https:\/\/sportpark-ehrenkirchen.de\/","url":"https:\/\/sportpark-ehrenkirchen.de\/","name":"Willkommen - Mehrgenerationensportpark Ehrenkirchen","isPartOf":{"@id":"https:\/\/sportpark-ehrenkirchen.de\/#website"},"primaryImageOfPage":{"@id":"https:\/\/sportpark-ehrenkirchen.de\/#primaryimage"},"image":{"@id":"https:\/\/sportpark-ehrenkirchen.de\/#primaryimage"},"thumbnailUrl":"https:\/\/sportpark-ehrenkirchen.de\/wp-content\/uploads\/2025\/10\/ehrenkirchen_view_2-1024x339.png","datePublished":"2025-10-15T19:36:23+00:00","dateModified":"2026-01-14T21:41:34+00:00","description":"Der Mehrgenerationensportpark Ehrenkirchen bietet Pumptrack, Calisthenics, Ballsportfl\u00e4chen und Erholungsbereiche f\u00fcr Jung und Alt. Erfahre mehr \u00fcber das Projekt!","breadcrumb":{"@id":"https:\/\/sportpark-ehrenkirchen.de\/#breadcrumb"},"inLanguage":"de","potentialAction":[{"@type":"ReadAction","target":["https:\/\/sportpark-ehrenkirchen.de\/"]}]},{"@type":"ImageObject","inLanguage":"de","@id":"https:\/\/sportpark-ehrenkirchen.de\/#primaryimage","url":"https:\/\/sportpark-ehrenkirchen.de\/wp-content\/uploads\/2025\/10\/ehrenkirchen_view_2.png","contentUrl":"https:\/\/sportpark-ehrenkirchen.de\/wp-content\/uploads\/2025\/10\/ehrenkirchen_view_2.png","width":1860,"height":615},{"@type":"BreadcrumbList","@id":"https:\/\/sportpark-ehrenkirchen.de\/#breadcrumb","itemListElement":[{"@type":"ListItem","position":1,"name":"Start","item":"https:\/\/sportpark-ehrenkirchen.de\/"},{"@type":"ListItem","position":2,"name":"Willkommen"}]},{"@type":"WebSite","@id":"https:\/\/sportpark-ehrenkirchen.de\/#website","url":"https:\/\/sportpark-ehrenkirchen.de\/","name":"Mehrgenerationensportpark Ehrenkirchen","description":"ein Mehrgenerationen Sportplatz f\u00fcr Ehrenkirchen","publisher":{"@id":"https:\/\/sportpark-ehrenkirchen.de\/#organization"},"potentialAction":[{"@type":"SearchAction","target":{"@type":"EntryPoint","urlTemplate":"https:\/\/sportpark-ehrenkirchen.de\/?s={search_term_string}"},"query-input":{"@type":"PropertyValueSpecification","valueRequired":true,"valueName":"search_term_string"}}],"inLanguage":"de"},{"@type":"Organization","@id":"https:\/\/sportpark-ehrenkirchen.de\/#organization","name":"Mehrgenerationensportpark Ehrenkirchen","url":"https:\/\/sportpark-ehrenkirchen.de\/","logo":{"@type":"ImageObject","inLanguage":"de","@id":"https:\/\/sportpark-ehrenkirchen.de\/#\/schema\/logo\/image\/","url":"http:\/\/sportpark-ehrenkirchen.de\/wp-content\/uploads\/2025\/10\/ehrenkirchen_view_2-1024x339.png","contentUrl":"http:\/\/sportpark-ehrenkirchen.de\/wp-content\/uploads\/2025\/10\/ehrenkirchen_view_2-1024x339.png","width":1024,"height":339,"caption":"Mehrgenerationensportpark Ehrenkirchen"},"image":{"@id":"https:\/\/sportpark-ehrenkirchen.de\/#\/schema\/logo\/image\/"}}]}},"_links":{"self":[{"href":"https:\/\/sportpark-ehrenkirchen.de\/index.php?rest_route=\/wp\/v2\/pages\/8","targetHints":{"allow":["GET"]}}],"collection":[{"href":"https:\/\/sportpark-ehrenkirchen.de\/index.php?rest_route=\/wp\/v2\/pages"}],"about":[{"href":"https:\/\/sportpark-ehrenkirchen.de\/index.php?rest_route=\/wp\/v2\/types\/page"}],"author":[{"embeddable":true,"href":"https:\/\/sportpark-ehrenkirchen.de\/index.php?rest_route=\/wp\/v2\/users\/1"}],"replies":[{"embeddable":true,"href":"https:\/\/sportpark-ehrenkirchen.de\/index.php?rest_route=%2Fwp%2Fv2%2Fcomments&post=8"}],"version-history":[{"count":13,"href":"https:\/\/sportpark-ehrenkirchen.de\/index.php?rest_route=\/wp\/v2\/pages\/8\/revisions"}],"predecessor-version":[{"id":80,"href":"https:\/\/sportpark-ehrenkirchen.de\/index.php?rest_route=\/wp\/v2\/pages\/8\/revisions\/80"}],"wp:attachment":[{"href":"https:\/\/sportpark-ehrenkirchen.de\/index.php?rest_route=%2Fwp%2Fv2%2Fmedia&parent=8"}],"curies":[{"name":"wp","href":"https:\/\/api.w.org\/{rel}","templated":true}]}}